{"id":393,"date":"2024-01-08T15:16:03","date_gmt":"2024-01-08T14:16:03","guid":{"rendered":"https:\/\/www.technaflon.com\/?page_id=393"},"modified":"2024-12-11T14:05:07","modified_gmt":"2024-12-11T13:05:07","slug":"conduits-de-fumee-ten","status":"publish","type":"page","link":"https:\/\/www.technaflon.com\/fr\/conduits-de-fumee-ten\/","title":{"rendered":"Conduits de fum\u00e9e Ten"},"content":{"rendered":"<div class=\"row space\">\n    <div class=\"col-12 py-5\">\n\n    <\/div>\n<\/div>\n\n\n<\/div>\n\n<div id=\"block-hero-block_f85ca5edcc975df67359333357eb3f5d\" class=\"container-fluid leftrightmediabloc row align-items-stretch medialeft block-hero\">\n\t<div class=\"col-12 mediacontent col-xl-7 order-1\">\n\t\t<img decoding=\"async\" src=\"https:\/\/www.technaflon.com\/wp-content\/uploads\/AdobeStock_56856229-1270x850.jpeg\" alt=\"\" class=\"img-fluid\">\t<\/div>\n\t<div class=\"col-12 textcontent col-xl-5 bg-blue-dark d-flex align-items-center order-2\">\n        <div class=\"bloctextcontent\">\n            <span class=\"surtitre\">TEN<\/span>\n            <h2><strong>Fabricant fran\u00e7ais<br \/>\n<\/strong>une soci\u00e9t\u00e9, trois g\u00e9n\u00e9rations<\/h2>\n<p>Fond\u00e9e en 1949, TEN est une soci\u00e9t\u00e9 fran\u00e7aise qui depuis 3 g\u00e9n\u00e9rations, con\u00e7oit, fabrique et commercialise en France et en Europe tous types de conduits de fum\u00e9e m\u00e9talliques, rigides ou flexibles.<\/p>\n\n                            <a class=\"btn bg-brown typebtn\" href=\"https:\/\/www.seten.com\/qui-sommes-nous\" target=\"_self\" rel=\"noopener\">\n                                    En savoir plus                                <\/a>\n                            <\/div>\n\t<\/div>\n<\/div>\n\n<div class=\"container\">\n\n\n\n<div class=\"row space\">\n    <div class=\"col-12 py-5\">\n\n    <\/div>\n<\/div>\n\n\n\n<div class=\"wp-block-columns is-layout-flex wp-container-core-columns-is-layout-9d6595d7 wp-block-columns-is-layout-flex\">\n<div class=\"wp-block-column is-layout-flow wp-block-column-is-layout-flow\" style=\"flex-basis:6%\"><\/div>\n\n\n\n<div class=\"wp-block-column is-layout-flow wp-block-column-is-layout-flow\" style=\"flex-basis:88%\"><div class=\"row\"><div class=\"col-12 heading\">\n<h2 class=\"wp-block-heading has-text-align-center text-blue\"><strong>CONDUITS \u00c9MAILL\u00c9S<\/strong> un savoir-faire unique<\/h2>\n<\/div><\/div>\n\n<div class=\"row\"><div class=\"col-12 paragraph\">\n<p><\/p>\n<\/div><\/div>\n\n<div class=\"row\"><div class=\"col-12 paragraph\">\n<p class=\"has-text-align-left\">Pour le raccordement des po\u00eales \u00e0 bois, \u00e0 l&rsquo;int\u00e9rieur de l&rsquo;habitation, il est conseill\u00e9 d&rsquo;utiliser des tuyaux \u00e9maill\u00e9s pour l&rsquo;\u00e9vacuation des fum\u00e9es.  <\/p>\n<\/div><\/div>\n\n<div class=\"row\"><div class=\"col-12 paragraph\">\n<p><\/p>\n<\/div><\/div>\n\n<div class=\"row\"><div class=\"col-12 paragraph\">\n<p class=\"has-text-align-left\">Les caract\u00e9ristiques extr\u00eamement attrayantes de l\u2019acier \u00e9maill\u00e9 proviennent de ses deux \u00e9l\u00e9ments constitutifs : l<strong>\u2019acier<\/strong> et l\u2019<strong>\u00e9mail.<\/strong><br>Le premier contribue \u00e0 la <strong>r\u00e9sistance m\u00e9canique<\/strong> et \u00e0 la formabilit\u00e9, tandis que le second apporte <strong>durabilit\u00e9<\/strong> et <strong>\u00e9clat<\/strong>. L\u2019acier \u00e9maill\u00e9 <strong>r\u00e9siste aux rayures, \u00e0 l\u2019abrasion, aux impacts et \u00e0 l\u2019usure.<\/strong><\/p>\n<\/div><\/div>\n\n<div class=\"row\"><div class=\"col-12 paragraph\">\n<p><\/p>\n<\/div><\/div>\n\n<div class=\"row\"><div class=\"col-12 paragraph\">\n<p class=\"has-text-align-left\">De plus celui-ci pr\u00e9sente une excellente stabilit\u00e9 thermique (+ de 500\u00b0). Une exposition aux flammes et \u00e0 de fortes chaleurs ne provoque aucune alt\u00e9ration et n\u2019\u00e9met aucunes fum\u00e9es toxiques. <\/p>\n<\/div><\/div>\n\n<div class=\"row\"><div class=\"col-12 paragraph\">\n<p><\/p>\n<\/div><\/div>\n\n<div class=\"row\"><div class=\"col-12 paragraph\">\n<p class=\"has-text-align-left\"><strong>Produit durable, propre et esth\u00e9tique.<\/strong><\/p>\n<\/div><\/div><\/div>\n\n\n\n<div class=\"wp-block-column is-layout-flow wp-block-column-is-layout-flow\" style=\"flex-basis:6%\"><\/div>\n<\/div>\n\n\n<div class=\"row space\">\n    <div class=\"col-12 py-5\">\n\n    <\/div>\n<\/div>\n\n\n\n<div class=\"wp-block-columns is-layout-flex wp-container-core-columns-is-layout-9d6595d7 wp-block-columns-is-layout-flex\">\n<div class=\"wp-block-column is-layout-flow wp-block-column-is-layout-flow\" style=\"flex-basis:100%\"><div class=\"row\"><div class=\"col-12 heading\">\n<h2 class=\"wp-block-heading has-text-align-center text-blue\"><strong>S\u00e9lection produits<\/strong><\/h2>\n<\/div><\/div>\n\n<div class=\"row\"><div class=\"col-12 heading\">\n<h2 class=\"wp-block-heading has-text-align-center text-blue\">nos incontournables<\/h2>\n<\/div><\/div><\/div>\n<\/div>\n\n\n<\/div>\n    <div class=\"product_galery\">\n            <div class=\"item\">\n                                <div class=\"imgproduct\">\n                                    <a href=\"https:\/\/www.technaflon.com\/wp-content\/uploads\/Fiche-gamme-DUOTEN.pdf\" target=\"_self\"><img decoding=\"async\" src=\"https:\/\/www.technaflon.com\/wp-content\/uploads\/visuels-produits-recadres-TEN-410x315.jpg\" alt=\"\" \/><\/a>\n                  \n                <\/div>\n                \n                                    <p class=\"h3\"><a href=\"https:\/\/www.technaflon.com\/wp-content\/uploads\/Fiche-gamme-DUOTEN.pdf\" target=\"_self\" class=\"text-brown\">DUOTEN<\/a><\/p>\n                            \n        <\/div>\n            <div class=\"item\">\n                                <div class=\"imgproduct\">\n                                    <a href=\"https:\/\/www.technaflon.com\/wp-content\/uploads\/Fiche-gamme-Email-noir-mat-pellet.pdf\" target=\"_self\"><img decoding=\"async\" src=\"https:\/\/www.technaflon.com\/wp-content\/uploads\/visuels-produits-recadres-TEN3-410x315.jpg\" alt=\"\" \/><\/a>\n                  \n                <\/div>\n                \n                                    <p class=\"h3\"><a href=\"https:\/\/www.technaflon.com\/wp-content\/uploads\/Fiche-gamme-Email-noir-mat-pellet.pdf\" target=\"_self\" class=\"text-brown\">Email Pellet<\/a><\/p>\n                            \n        <\/div>\n            <div class=\"item\">\n                                <div class=\"imgproduct\">\n                                    <a href=\"https:\/\/www.technaflon.com\/wp-content\/uploads\/Fiche-gamme-Email-1mm.pdf\" target=\"_self\"><img decoding=\"async\" src=\"https:\/\/www.technaflon.com\/wp-content\/uploads\/visuels-produits-recadres-TEN2-410x315.jpg\" alt=\"\" \/><\/a>\n                  \n                <\/div>\n                \n                                    <p class=\"h3\"><a href=\"https:\/\/www.technaflon.com\/wp-content\/uploads\/Fiche-gamme-Email-1mm.pdf\" target=\"_self\" class=\"text-brown\">Email 1 mm<\/a><\/p>\n                            \n        <\/div>\n            <div class=\"item\">\n                                <div class=\"imgproduct\">\n                                    <a href=\"https:\/\/www.technaflon.com\/wp-content\/uploads\/Fiche-gamme-TENLISS.pdf\" target=\"_self\"><img decoding=\"async\" src=\"https:\/\/www.technaflon.com\/wp-content\/uploads\/visuels-produits-recadres2-1-410x315.jpg\" alt=\"\" \/><\/a>\n                  \n                <\/div>\n                \n                                    <p class=\"h3\"><a href=\"https:\/\/www.technaflon.com\/wp-content\/uploads\/Fiche-gamme-TENLISS.pdf\" target=\"_self\" class=\"text-brown\">TEN LISS<\/a><\/p>\n                            \n        <\/div>\n            <div class=\"item\">\n                                <div class=\"imgproduct\">\n                                    <a href=\"https:\/\/www.technaflon.com\/wp-content\/uploads\/Fiche-gamme-TENLISS.pdf\" target=\"_self\"><img decoding=\"async\" src=\"https:\/\/www.technaflon.com\/wp-content\/uploads\/visuels-produits-recadres-1-410x315.jpg\" alt=\"\" \/><\/a>\n                  \n                <\/div>\n                \n                                    <p class=\"h3\"><a href=\"https:\/\/www.technaflon.com\/wp-content\/uploads\/Fiche-gamme-TENLISS.pdf\" target=\"_self\" class=\"text-brown\">TEN LISS pr\u00e9-isol\u00e9<\/a><\/p>\n                            \n        <\/div>\n            <div class=\"item\">\n                                <div class=\"imgproduct\">\n                                    <a href=\"https:\/\/www.technaflon.com\/wp-content\/uploads\/Fiche-gamme-RigidTEN-I316-condensation.pdf\" target=\"_self\"><img decoding=\"async\" src=\"https:\/\/www.technaflon.com\/wp-content\/uploads\/visuels-produits-recadres-TEN4-410x315.jpg\" alt=\"\" \/><\/a>\n                  \n                <\/div>\n                \n                                    <p class=\"h3\"><a href=\"https:\/\/www.technaflon.com\/wp-content\/uploads\/Fiche-gamme-RigidTEN-I316-condensation.pdf\" target=\"_self\" class=\"text-brown\">Rigidten Pro<\/a><\/p>\n                            \n        <\/div>\n        <\/div>\n\n<div class=\"container\">\n\n\n<div class=\"wp-block-buttons is-content-justification-center is-layout-flex wp-container-core-buttons-is-layout-16018d1d wp-block-buttons-is-layout-flex\">\n<div class=\"wp-block-button bg-brown\"><a class=\"wp-block-button__link has-text-align-center wp-element-button\" href=\"https:\/\/www.technaflon.com\/contact\/\">Nous contacter<\/a><\/div>\n<\/div>\n\n\n<div class=\"row space\">\n    <div class=\"col-12 py-5\">\n\n    <\/div>\n<\/div>\n\n\n<\/div>\n<div class=\"container-fluid bannerimg d-flex\" style=\"background: url(https:\/\/www.technaflon.com\/wp-content\/uploads\/innovation-ten-2.jpg) no-repeat center center \/ cover;\">\n    <span class=\"cover\"><\/span>\n    <div class=\"caption d-flex align-items-center\">\n        <div class=\"bannerimgcaption\">\n        <span class=\"surtitre text-blue\">innovation ten<\/span>\n        <h2 class=\"text-uppercase text-blue\">tubage flexible<br>pr\u00e9-isol\u00e9<\/h2>\n        <p>Proc\u00e9d\u00e9 brevet\u00e9 et innovant, envelopp\u00e9 par 30 mm de laine de roche, il est id\u00e9al pour la r\u00e9habilitation des anciens conduits et particuli\u00e8rement adapt\u00e9 aux appareils bois et pellets de derni\u00e8re g\u00e9n\u00e9ration.<br \/>\nGr\u00e2ce \u00e0 son isolation int\u00e9gr\u00e9e, il pr\u00e9sente plusieurs avantages : am\u00e9lioration du tirage naturel, r\u00e9duit l&rsquo;\u00e9cart au feu &#8230;<\/p>\n                        <a class=\"btn mt-3 bg-brown\" href=\"https:\/\/www.technaflon.com\/wp-content\/uploads\/Documentation-TEN-LISS-pre-isole_1024.pdf\" target=\"_blank\">D\u00e9couvrir<\/a>\n                    <\/div>\n    <\/div>\n<\/div>\n<div class=\"container\">\n","protected":false},"excerpt":{"rendered":"<p>CONDUITS \u00c9MAILL\u00c9S un savoir-faire unique Pour le raccordement des po\u00eales \u00e0 bois, \u00e0 l&rsquo;int\u00e9rieur de l&rsquo;habitation, il est conseill\u00e9 d&rsquo;utiliser des tuyaux \u00e9maill\u00e9s pour l&rsquo;\u00e9vacuation des fum\u00e9es. Les caract\u00e9ristiques extr\u00eamement attrayantes de l\u2019acier \u00e9maill\u00e9 proviennent de ses deux \u00e9l\u00e9ments constitutifs : l\u2019acier et l\u2019\u00e9mail.Le premier contribue \u00e0 la r\u00e9sistance m\u00e9canique et \u00e0 la formabilit\u00e9, tandis [&hellip;]<\/p>\n","protected":false},"author":2,"featured_media":0,"parent":0,"menu_order":0,"comment_status":"closed","ping_status":"closed","template":"","meta":{"_acf_changed":false,"footnotes":""},"class_list":["post-393","page","type-page","status-publish","hentry"],"acf":[],"_links":{"self":[{"href":"https:\/\/www.technaflon.com\/fr\/wp-json\/wp\/v2\/pages\/393","targetHints":{"allow":["GET"]}}],"collection":[{"href":"https:\/\/www.technaflon.com\/fr\/wp-json\/wp\/v2\/pages"}],"about":[{"href":"https:\/\/www.technaflon.com\/fr\/wp-json\/wp\/v2\/types\/page"}],"author":[{"embeddable":true,"href":"https:\/\/www.technaflon.com\/fr\/wp-json\/wp\/v2\/users\/2"}],"replies":[{"embeddable":true,"href":"https:\/\/www.technaflon.com\/fr\/wp-json\/wp\/v2\/comments?post=393"}],"version-history":[{"count":219,"href":"https:\/\/www.technaflon.com\/fr\/wp-json\/wp\/v2\/pages\/393\/revisions"}],"predecessor-version":[{"id":2464,"href":"https:\/\/www.technaflon.com\/fr\/wp-json\/wp\/v2\/pages\/393\/revisions\/2464"}],"wp:attachment":[{"href":"https:\/\/www.technaflon.com\/fr\/wp-json\/wp\/v2\/media?parent=393"}],"curies":[{"name":"wp","href":"https:\/\/api.w.org\/{rel}","templated":true}]}}