{"id":380,"date":"2024-01-08T14:59:35","date_gmt":"2024-01-08T13:59:35","guid":{"rendered":"https:\/\/www.technaflon.com\/?page_id=380"},"modified":"2024-12-06T14:53:50","modified_gmt":"2024-12-06T13:53:50","slug":"notre-histoire","status":"publish","type":"page","link":"https:\/\/www.technaflon.com\/fr\/notre-histoire\/","title":{"rendered":"Notre histoire"},"content":{"rendered":"<div class=\"row space\">\n    <div class=\"col-12 py-5\">\n\n    <\/div>\n<\/div>\n\n\n<\/div>\n\n<div id=\"block-hero-block_408fb134e4a38bdc541fb013c7b3228b\" class=\"container-fluid leftrightmediabloc row align-items-stretch medialeft block-hero\">\n\t<div class=\"col-12 mediacontent col-xl-7 order-1\">\n\t\t<img decoding=\"async\" src=\"https:\/\/www.technaflon.com\/wp-content\/uploads\/Granules-1-1270x850.jpg\" alt=\"\" class=\"img-fluid\">\t<\/div>\n\t<div class=\"col-12 textcontent col-xl-5 bg-blue-dark d-flex align-items-center order-2\">\n        <div class=\"bloctextcontent\">\n            <span class=\"surtitre\"><\/span>\n            <p><strong>En 1986<\/strong> INTEC MINGER AG est la premi\u00e8re entreprise \u00e0 r\u00e9ussir le recyclage de la mati\u00e8re plastique PVDF (polyfluor de vinydyl\u00e8ne), un proche parent du T\u00e9flon. Cette r\u00e9ussite rend le PVDF abordable pour une utilisation dans la fabrication de syst\u00e8me de chemin\u00e9e. Le conduit de fum\u00e9e TECHNAFLON est alors cr\u00e9\u00e9.<\/p>\n<p><strong>1987<\/strong> est marqu\u00e9e par l\u2019installation en Suisse des premiers conduits de fum\u00e9e TECHNAFLON pour le raccordement des chaudi\u00e8res \u00e0 condensation gaz.<\/p>\n<p><strong>1988<\/strong> Homologation jusqu\u2019\u00e0 120\u00b0C de la temp\u00e9rature des gaz de combustion par l\u2019Institut allemand de technologie du b\u00e2timent de Berlin (IfBT).<\/p>\n\n                            <\/div>\n\t<\/div>\n<\/div>\n\n<div class=\"container\">\n\n\n\n<\/div>\n\n<div id=\"block-hero-block_a7d9a059da7b181c2b04fc3e806a5f03\" class=\"container-fluid leftrightmediabloc row align-items-stretch mediaright block-hero\">\n\t<div class=\"col-12 mediacontent col-xl-7 order-1 order-lg-2\">\n\t\t<img decoding=\"async\" src=\"https:\/\/www.technaflon.com\/wp-content\/uploads\/technaflon-membre-de-ten-Recadre-2-1270x745.jpg\" alt=\"\" class=\"img-fluid\">\t<\/div>\n\t<div class=\"col-12 textcontent col-xl-5 bg-blue-dark d-flex align-items-center order-2 order-lg-1\">\n        <div class=\"bloctextcontent\">\n            <span class=\"surtitre\"><\/span>\n            <p><strong>1990<\/strong> IfBT Berlin accorde \u00e0 TECHNAFLON le premier et unique syst\u00e8me de chemin\u00e9e en PVDF pour des temp\u00e9ratures de fum\u00e9es jusqu\u2019\u00e0 160\u00b0C.<\/p>\n<p><strong>1991 Plus de 25\u00a0000 foyers <\/strong>TECHNAFLON install\u00e9s en Europe.<\/p>\n<p><strong>En 1992,<\/strong> INTEC MINGER AG est renomm\u00e9e TECHNAFLON AG.<\/p>\n<p>Pendant 25 ans TECHNAFLON se d\u00e9veloppe en Suisse et en Europe, principalement en Autriche, Allemagne et l\u2019est de la France.<\/p>\n\n                            <\/div>\n\t<\/div>\n<\/div>\n\n<div class=\"container\">\n\n\n\n<\/div>\n\n<div id=\"block-hero-block_7c4585bb63d6559e3749221d07d5b649\" class=\"container-fluid leftrightmediabloc row align-items-stretch medialeft block-hero\">\n\t<div class=\"col-12 mediacontent col-xl-7 order-1\">\n\t\t<img decoding=\"async\" src=\"https:\/\/www.technaflon.com\/wp-content\/uploads\/AdobeStock_211854610-1270x850.jpeg\" alt=\"Close-up photo of businesspeople holding jigsaw puzzle\" class=\"img-fluid\">\t<\/div>\n\t<div class=\"col-12 textcontent col-xl-5 bg-blue-dark d-flex align-items-center order-2\">\n        <div class=\"bloctextcontent\">\n            <span class=\"surtitre\"><\/span>\n            <p><strong>2017 <\/strong>est marqu\u00e9e par le d\u00e9c\u00e8s du fondateur et une restructuration globale, la recherche d\u2019une succession est alors entam\u00e9e. C\u2019est en octobre 2017 que la soci\u00e9t\u00e9 fran\u00e7aise TEN, concepteur et fabricant de conduits de fum\u00e9e m\u00e9talliques, cherchant \u00e0 se diversifier dans les conduits de fum\u00e9e polym\u00e8res, rach\u00e8te la soci\u00e9t\u00e9 TECHNAFLON AG.<\/p>\n<p><strong>TECHNAFLON AG est renomm\u00e9e TECHNAFLON KAMINSYSTEM AG et devient une filiale du groupe TEN.<\/strong><\/p>\n\n                            <\/div>\n\t<\/div>\n<\/div>\n\n<div class=\"container\">\n\n\n\n<\/div>\n\n<div id=\"block-hero-block_848a144384c9db9001f1875746150c87\" class=\"container-fluid leftrightmediabloc row align-items-stretch mediaright block-hero\">\n\t<div class=\"col-12 mediacontent col-xl-7 order-1 order-lg-2\">\n\t\t<img decoding=\"async\" src=\"https:\/\/www.technaflon.com\/wp-content\/uploads\/Gruppo_Palazzetti_11487_compressed-1270x850.jpg\" alt=\"\" class=\"img-fluid\">\t<\/div>\n\t<div class=\"col-12 textcontent col-xl-5 bg-blue-dark d-flex align-items-center order-2 order-lg-1\">\n        <div class=\"bloctextcontent\">\n            <span class=\"surtitre\"><\/span>\n            <p><strong>2018<\/strong> gr\u00e2ce \u00e0 l\u2019impulsion de TEN, dans une d\u00e9marche d\u2019\u00e9conomie circulaire gr\u00e2ce au recyclage du PVDF, les produits TECHNAFLON p\u00e9n\u00e8trent sur le march\u00e9 fran\u00e7ais avec l\u2019homologation des syst\u00e8mes TECHNA SHUNT \u2013 TECHNA 3CE et TECHNA 3CEPi flex, permettant la cr\u00e9ation et\/ou la r\u00e9utilisation des conduits de fum\u00e9e collectifs, afin de faciliter le remplacement des appareils ancienne g\u00e9n\u00e9ration par des chaudi\u00e8res \u00e0 condensation gaz, notamment \u00e0 haute pression.<strong>\u00a0<\/strong><\/p>\n<p><strong>En 2023<\/strong>, afin de se diversifier plus encore sur son march\u00e9 domestique la Suisse, TECHNAFLON passe un accord de distribution avec le fabricant italien de po\u00eales et foyers bois et granul\u00e9s de bois, PALAZZETTI.<\/p>\n\n                            <\/div>\n\t<\/div>\n<\/div>\n\n<div class=\"container\">\n\n\n\n<div class=\"row space\">\n    <div class=\"col-12 py-5\">\n\n    <\/div>\n<\/div>\n","protected":false},"excerpt":{"rendered":"","protected":false},"author":2,"featured_media":0,"parent":0,"menu_order":0,"comment_status":"closed","ping_status":"closed","template":"","meta":{"_acf_changed":false,"footnotes":""},"class_list":["post-380","page","type-page","status-publish","hentry"],"acf":[],"_links":{"self":[{"href":"https:\/\/www.technaflon.com\/fr\/wp-json\/wp\/v2\/pages\/380","targetHints":{"allow":["GET"]}}],"collection":[{"href":"https:\/\/www.technaflon.com\/fr\/wp-json\/wp\/v2\/pages"}],"about":[{"href":"https:\/\/www.technaflon.com\/fr\/wp-json\/wp\/v2\/types\/page"}],"author":[{"embeddable":true,"href":"https:\/\/www.technaflon.com\/fr\/wp-json\/wp\/v2\/users\/2"}],"replies":[{"embeddable":true,"href":"https:\/\/www.technaflon.com\/fr\/wp-json\/wp\/v2\/comments?post=380"}],"version-history":[{"count":107,"href":"https:\/\/www.technaflon.com\/fr\/wp-json\/wp\/v2\/pages\/380\/revisions"}],"predecessor-version":[{"id":2394,"href":"https:\/\/www.technaflon.com\/fr\/wp-json\/wp\/v2\/pages\/380\/revisions\/2394"}],"wp:attachment":[{"href":"https:\/\/www.technaflon.com\/fr\/wp-json\/wp\/v2\/media?parent=380"}],"curies":[{"name":"wp","href":"https:\/\/api.w.org\/{rel}","templated":true}]}}